{"id":66,"date":"2014-07-13T18:05:32","date_gmt":"2014-07-13T16:05:32","guid":{"rendered":"http:\/\/miamorgowski.de\/?page_id=66"},"modified":"2015-07-20T23:35:25","modified_gmt":"2015-07-20T21:35:25","slug":"film","status":"publish","type":"page","link":"https:\/\/miamorgowski.de\/?page_id=66","title":{"rendered":"Kein Sex ist auch keine L\u00f6sung \u2013 der Film"},"content":{"rendered":"<p>2010 wurde mein erster Roman &#8222;Kein Sex ist auch keine L\u00f6sung&#8220; f\u00fcr das Kino verfilmt. Im Oktober 2011 lief er zun\u00e4chst als Er\u00f6ffnungsfilm auf dem Filmfest Oldenburg, einen Monat sp\u00e4ter, am 1. Dezember, startete er in den deutschen Kinos.<\/p>\n<p>Es war eine sehr spannende Zeit mit tollen Erfahrungen und vielen nachhaltigen Eindr\u00fccken.<\/p>\n<p>Hier\u00a0einige Impressionen:<\/p>\n<p><a href=\"http:\/\/miamorgowski.de\/wp-content\/uploads\/2014\/07\/FilmkompositionNEU.jpg\"><img loading=\"lazy\" class=\"aligncenter wp-image-130 size-full\" src=\"http:\/\/miamorgowski.de\/wp-content\/uploads\/2014\/07\/FilmkompositionNEU.jpg\" alt=\"FilmkompositionNEU\" width=\"510\" height=\"829\" srcset=\"https:\/\/miamorgowski.de\/wp-content\/uploads\/2014\/07\/FilmkompositionNEU.jpg 510w, https:\/\/miamorgowski.de\/wp-content\/uploads\/2014\/07\/FilmkompositionNEU-184x300.jpg 184w\" sizes=\"(max-width: 510px) 100vw, 510px\" \/><\/a><\/p>\n<p>&nbsp;<\/p>\n<p><a href=\"http:\/\/miamorgowski.de\/wp-content\/uploads\/2014\/07\/PremierenkompositionNEU.jpg\"><img loading=\"lazy\" class=\"aligncenter wp-image-131 size-full\" src=\"http:\/\/miamorgowski.de\/wp-content\/uploads\/2014\/07\/PremierenkompositionNEU.jpg\" alt=\"PremierenkompositionNEU\" width=\"510\" height=\"866\" srcset=\"https:\/\/miamorgowski.de\/wp-content\/uploads\/2014\/07\/PremierenkompositionNEU.jpg 510w, https:\/\/miamorgowski.de\/wp-content\/uploads\/2014\/07\/PremierenkompositionNEU-176x300.jpg 176w\" sizes=\"(max-width: 510px) 100vw, 510px\" \/><\/a><\/p>\n<div class=\"fcbkbttnpr_share\">\n<div class=\"fcbkbttnpr_like\">\n<div class=\"fb-like\" data-href=\"https:\/\/miamorgowski.de\/?page_id=66\" data-layout=\"button_count\" data-action=\"like\" data-show-faces=\"false\" data-share=\"false\"><\/div>\n<\/div>\n<\/div>\n","protected":false},"excerpt":{"rendered":"<p>2010 wurde mein erster Roman &#8222;Kein Sex ist auch keine L\u00f6sung&#8220; f\u00fcr das Kino verfilmt. Im Oktober 2011 lief er zun\u00e4chst als Er\u00f6ffnungsfilm auf dem Filmfest Oldenburg, einen Monat sp\u00e4ter, am 1. Dezember, startete er in den deutschen Kinos. Es war eine sehr spannende Zeit mit tollen Erfahrungen und vielen nachhaltigen Eindr\u00fccken. Hier\u00a0einige Impressionen: &nbsp;&nbsp;<a href=\"https:\/\/miamorgowski.de\/?page_id=66\" class=\"post-read-more\">Read more&#8230;<\/a><\/p>\n","protected":false},"author":3,"featured_media":0,"parent":0,"menu_order":0,"comment_status":"closed","ping_status":"closed","template":"","meta":[],"_links":{"self":[{"href":"https:\/\/miamorgowski.de\/index.php?rest_route=\/wp\/v2\/pages\/66"}],"collection":[{"href":"https:\/\/miamorgowski.de\/index.php?rest_route=\/wp\/v2\/pages"}],"about":[{"href":"https:\/\/miamorgowski.de\/index.php?rest_route=\/wp\/v2\/types\/page"}],"author":[{"embeddable":true,"href":"https:\/\/miamorgowski.de\/index.php?rest_route=\/wp\/v2\/users\/3"}],"replies":[{"embeddable":true,"href":"https:\/\/miamorgowski.de\/index.php?rest_route=%2Fwp%2Fv2%2Fcomments&post=66"}],"version-history":[{"count":0,"href":"https:\/\/miamorgowski.de\/index.php?rest_route=\/wp\/v2\/pages\/66\/revisions"}],"wp:attachment":[{"href":"https:\/\/miamorgowski.de\/index.php?rest_route=%2Fwp%2Fv2%2Fmedia&parent=66"}],"curies":[{"name":"wp","href":"https:\/\/api.w.org\/{rel}","templated":true}]}}