{"id":64,"date":"2014-07-13T18:05:19","date_gmt":"2014-07-13T16:05:19","guid":{"rendered":"http:\/\/miamorgowski.de\/?page_id=64"},"modified":"2017-03-29T13:29:40","modified_gmt":"2017-03-29T11:29:40","slug":"kurzgeschichten","status":"publish","type":"page","link":"https:\/\/miamorgowski.de\/?page_id=64","title":{"rendered":"Kurzgeschichten"},"content":{"rendered":"<h2>Kurzgeschichten<\/h2>\n<p><img loading=\"lazy\" class=\"alignleft wp-image-633 size-full\" src=\"http:\/\/miamorgowski.de\/wp-content\/uploads\/coverherzblaetter.jpg\" alt=\"herzbl\u00e4tter\" width=\"90\" height=\"150\" \/>Wege zum Gl\u00fcck gibt es viele.<br \/>\nHier erz\u00e4hlen f\u00fcnf Bestseller-Autorinnen von den Umwegen, die oft n\u00f6tig sind, um das zu erkennen. Da geht es um eine schicksalhafte Begegnung im Zug, einen Campingurlaub in der Wildnis, ein Sommerwunder in Lourdes, einen Selbstversuch mit Br\u00e4unungscreme und darum, dass die gro\u00dfe Liebe sich nicht planen l\u00e4sst. Am\u00fcsant, gef\u00fchlvoll, nachdenklich, heiter.<\/p>\n<p><strong>Herzbl\u00e4tter<\/strong> \/ Rowohlt Rotation 20. Januar 2017<\/p>\n<hr \/>\n<p><img loading=\"lazy\" class=\"alignleft size-full wp-image-40\" src=\"http:\/\/miamorgowski.de\/wp-content\/uploads\/2014\/07\/lustiglustig.jpg\" alt=\"lustiglustig\" width=\"90\" height=\"150\" \/>Oh du fr\u00f6hliche? Aber ja!<br \/>\nMia Morgowski, Steffi von Wolff, Hans Rath, Oliver Uschmann und viele andere tun alles gegen \u00fcberm\u00e4\u00dfige Besinnlichkeit zu Weihnachten. Und sie schrecken vor nichts zur\u00fcck! Getragenen Melodien, endlose Familientreffen und viel zu gehaltvolle Men\u00fcs haben keine Chance: Hier wird gelacht, mindestens 24 Tage lang, bis zum magenbitteren Ende!<\/p>\n<p><strong><br \/>\nLustig, lustig, tralalalala<\/strong> \/ Wunderlich September 2010<\/p>\n<hr \/>\n<p><img loading=\"lazy\" class=\"alignleft size-full wp-image-52\" src=\"http:\/\/miamorgowski.de\/wp-content\/uploads\/2014\/07\/urlaubmit.jpg\" alt=\"urlaubmit\" width=\"90\" height=\"150\" \/>Fluglotsenstreik , Horrorhotel, Algenpest, Durchfall \u2013 wer in den Urlaub f\u00e4hrt, hat oft nicht viel zu lachen. Es empfiehlt sich daher die Mitnahme dieses Buches: Alle hier versammelten Autoren sind ausgewiesene Experten f\u00fcrs Komische. Und es gelingt ihnen mit ihren Geschichten, selbst in die gef\u00fcrchtete sch\u00f6nste Zeit des Jahres ein bisschen Sonnenschein zu zaubern.<\/p>\n<p><strong><br \/>\nUrlaub mit Punkt Punkt Punkt<\/strong> \/ rororo 1. Juni 2012<\/p>\n<hr \/>\n<p><img loading=\"lazy\" class=\"alignleft size-full wp-image-46\" src=\"http:\/\/miamorgowski.de\/wp-content\/uploads\/2014\/07\/soschoentot.jpg\" alt=\"soschoentot\" width=\"90\" height=\"150\" \/>Wer sch\u00f6n sein will, muss leiden. Aber muss es denn gleich so ausarten? Zwanzig namhafte Autorinnen und Autoren morden gnadenlos zwischen Flakons, Pinseln und Kneippschen G\u00fcssen. Denn so manche Wellnessanwendung bietet sich geradezu als Mordmethode an. Kleine, gemeine Geschichten, wunderbar zu lesen zwischen zwei Saunag\u00e4ngen, unter der Trockenhaube oder bei der Manik\u00fcre. Kurzkrimis u. a. von Gisa Kl\u00f6nne, Mia Morgowski, Jutta Profijt, Ralf Kramp, Judith Merchant, J\u00fcrgen Kehrer und nat\u00fcrlich den beiden Herausgeberinnen Sandra L\u00fcpkes und Christiane Franke.<\/p>\n<p><strong>So sch\u00f6n tot<\/strong> \/ dtv 1. September 2012<\/p>\n<hr \/>\n<p><img loading=\"lazy\" class=\"alignleft size-full wp-image-51\" src=\"http:\/\/miamorgowski.de\/wp-content\/uploads\/2014\/07\/totenstille.jpg\" alt=\"totenstille\" width=\"90\" height=\"150\" \/>Und dann sind alle Lichtlein aus. 24 Tage bis Heiligabend \u2013 24 Tage voller Seligkeit! Wirklich? Wenn die Tage k\u00fcrzer werden und die Temperaturen sinken, wenn gute Freunde nach dem dritten Gl\u00fchwein ihr wahres Gesicht zeigen oder die liebe Verwandtschaft zu Hause einf\u00e4llt, werden mitunter Mordgedanken wach. Und nicht immer bleibt es beim Gedanken: F\u00fcr manch einen endet die Nacht tats\u00e4chlich totenstill &#8230;<\/p>\n<p><strong><br \/>\nTotenstille Nacht<\/strong> \/ rororo 1. November 2012<\/p>\n<hr \/>\n<p><img loading=\"lazy\" class=\"alignleft size-full wp-image-44\" src=\"http:\/\/miamorgowski.de\/wp-content\/uploads\/2014\/07\/schlimmezeit.jpg\" alt=\"schlimmezeit\" width=\"90\" height=\"150\" \/>Liebe und Tod &#8211; die beiden wichtigsten Themen der abendl\u00e4ndischen Literaturgeschichte! Was gleich danach auf Platz 3 folgt, wissen wir alle: heitere Alltagsgeschichten. Und heiter ist in der Regel die R\u00fcckschau auf etwas, das dem Autor zuerst einmal Anlass zu Wut und \u00c4rger war: Freund\/Freundin, Kinder, Nachbarn, KundInnen, Call-Center-Angestellte, U-Bahn-Musikanten, Leute die in der \u00d6ffentlichkeit laut telefonieren &#8211; eigentlich kann man sich \u00fcber alles \u00e4rgern, und eigentlich k\u00f6nnen das die meisten Menschen sehr gut. Aber nur die wenigsten verm\u00f6gen aus der dunklen Blume des Genervtseins den s\u00fc\u00dfen Honig der heiteren Alltagsgeschichte zu ziehen. Die in diesem Band versammelten Autoren sind allesamt Meister in dieser Kunst.<\/p>\n<p><strong>Die schlimme Zeit zwischen Aufstehen und Hinlegen<\/strong> \/ Rowohlt Polaris 2. April 2013<\/p>\n<hr \/>\n<p><img loading=\"lazy\" class=\"alignleft size-full wp-image-45\" src=\"http:\/\/miamorgowski.de\/wp-content\/uploads\/2014\/07\/sommer.jpg\" alt=\"sommer\" width=\"90\" height=\"150\" \/>Der Herzschlag des Sommers. Romanzen unterm Sonnenschirm, P\u00e4rchenurlaub mit Tante K\u00e4the im Schlepptau, Selbstversuch mit Selbstbr\u00e4uner: 22 Autorinnen erz\u00e4hlen vom Sommer und seinen gro\u00dfen und kleinen Katastrophen &#8211; am\u00fcsant, gef\u00fchlvoll, nachdenklich oder heiter. Mit Geschichten von Martina Andr\u00e9, Lilli Beck, Isabel Beto, Sofie Cramer, Carla Federico, Stefanie Gerstenberger, Anja Goerz, Anette G\u00f6ttlicher, Gaby Hauptmann, Tessa Hennig, Anne Hertz, Elisabeth Kabatek, Anna McPartlin, Mia Morgowski, Petra Oelker, Gisa Pauly, Britta Sabbag, Kim Schneyder, Emma Sternberg, Jana Voosen, Sibylle Weischenberg und Steffi von Wolff.<\/p>\n<p><strong>Darf&#8217;s ein bisschen Sommer sein?<\/strong> \/ rororo 1. Juni 2013<\/p>\n<hr \/>\n<div class=\"fcbkbttnpr_share\">\n<div class=\"fcbkbttnpr_like\">\n<div class=\"fb-like\" data-href=\"https:\/\/miamorgowski.de\/?page_id=64\" data-layout=\"button_count\" data-action=\"like\" data-show-faces=\"false\" data-share=\"false\"><\/div>\n<\/div>\n<\/div>\n","protected":false},"excerpt":{"rendered":"<p>Kurzgeschichten Wege zum Gl\u00fcck gibt es viele. Hier erz\u00e4hlen f\u00fcnf Bestseller-Autorinnen von den Umwegen, die oft n\u00f6tig sind, um das zu erkennen. Da geht es um eine schicksalhafte Begegnung im Zug, einen Campingurlaub in der Wildnis, ein Sommerwunder in Lourdes, einen Selbstversuch mit Br\u00e4unungscreme und darum, dass die gro\u00dfe Liebe sich nicht planen l\u00e4sst. Am\u00fcsant, [&hellip;]&nbsp;<a href=\"https:\/\/miamorgowski.de\/?page_id=64\" class=\"post-read-more\">Read more&#8230;<\/a><\/p>\n","protected":false},"author":3,"featured_media":0,"parent":0,"menu_order":0,"comment_status":"closed","ping_status":"closed","template":"","meta":[],"_links":{"self":[{"href":"https:\/\/miamorgowski.de\/index.php?rest_route=\/wp\/v2\/pages\/64"}],"collection":[{"href":"https:\/\/miamorgowski.de\/index.php?rest_route=\/wp\/v2\/pages"}],"about":[{"href":"https:\/\/miamorgowski.de\/index.php?rest_route=\/wp\/v2\/types\/page"}],"author":[{"embeddable":true,"href":"https:\/\/miamorgowski.de\/index.php?rest_route=\/wp\/v2\/users\/3"}],"replies":[{"embeddable":true,"href":"https:\/\/miamorgowski.de\/index.php?rest_route=%2Fwp%2Fv2%2Fcomments&post=64"}],"version-history":[{"count":0,"href":"https:\/\/miamorgowski.de\/index.php?rest_route=\/wp\/v2\/pages\/64\/revisions"}],"wp:attachment":[{"href":"https:\/\/miamorgowski.de\/index.php?rest_route=%2Fwp%2Fv2%2Fmedia&parent=64"}],"curies":[{"name":"wp","href":"https:\/\/api.w.org\/{rel}","templated":true}]}}