{"id":379,"date":"2014-09-08T22:19:06","date_gmt":"2014-09-08T20:19:06","guid":{"rendered":"http:\/\/miamorgowski.de\/?page_id=379"},"modified":"2015-09-11T21:06:27","modified_gmt":"2015-09-11T19:06:27","slug":"romane","status":"publish","type":"page","link":"https:\/\/miamorgowski.de\/?page_id=379","title":{"rendered":"Romane"},"content":{"rendered":"<div>\n<h2><\/h2>\n<h4>Der Neue:<\/h4>\n<p><a href=\"http:\/\/miamorgowski.de\/wp-content\/uploads\/Cover1-e1441997446177.jpg\"><img loading=\"lazy\" class=\"alignleft wp-image-473 size-full\" src=\"http:\/\/miamorgowski.de\/wp-content\/uploads\/Cover1-e1441997446177.jpg\" alt=\"Cover\" width=\"90\" height=\"149\" \/><\/a>Kurz vor seinem 40. Geburtstag wird Tobias von seiner Freundin f\u00fcr einen anderen verlassen. Seine Freunde behaupten: Midlife-Crisis. Nun muss Ablenkung her. Raus aus der Doppelhaush\u00e4lfte, rein in die M\u00e4nner-WG. Toby zieht in die N\u00e4he der Reeperbahn und l\u00e4sst es krachen. Und tats\u00e4chlich entdeckt er den Charme des Single-Daseins. Bis Trixie auftaucht. Und Millie. Und Alice. Mit ihr ist es besonders sch\u00f6n. Aber leider auch besonders kompliziert. Denn irgendetwas verschweigt Alice ihm. So was hat ein Mann schlie\u00dflich im Gef\u00fchl &#8230;<\/p>\n<p style=\"text-align: left;\"><strong>So was hat ein Mann im Gef\u00fchl<\/strong>\u00a0\/ rororo\u00a0Oktober 2015<\/p>\n<hr \/>\n<h4>Bisher erschienen:<\/h4>\n<p><img loading=\"lazy\" class=\"alignleft size-full wp-image-39\" src=\"http:\/\/miamorgowski.de\/wp-content\/uploads\/2014\/07\/keinsex.jpg\" alt=\"keinsex\" width=\"90\" height=\"150\" \/>Tom arbeitet in einer Hamburger Werbeagentur und ist der gr\u00f6\u00dfte Aufrei\u00dfer vor dem Herrn. Er liebt Sex und er bewundert die Frauen. Denn Frauen k\u00e4mpfen durchschnittlich mit 48,2 Problemen pro Tag \u2013 mit neun davon schon vor dem Aufstehen! Nat\u00fcrlich m\u00f6chte Tom kein einziges dieser Probleme mit einer Frau teilen. Au\u00dfer dem Bett m\u00f6chte er eigentlich gar nichts mit einer Frau teilen. Auch Elisa will er sp\u00e4testens nach drei gemeinsamen N\u00e4chten abservieren. Aber warum geht sie pl\u00f6tzlich nicht mehr ans Telefon? Und ruft auch nie zur\u00fcck? Tom beschlie\u00dft zu handeln, denn kein Sex ist schlie\u00dflich auch keine L\u00f6sung \u2026<\/p>\n<p><strong>Kein Sex ist auch keine L\u00f6sung<\/strong>\u00a0\/ rororo 30. Oktober 2008<\/p>\n<hr \/>\n<p><img loading=\"lazy\" class=\"alignleft size-full wp-image-4\" src=\"http:\/\/miamorgowski.de\/wp-content\/uploads\/2014\/07\/aufdiegroesse.jpg\" alt=\"aufdiegroesse\" width=\"90\" height=\"150\" \/>Versteh einer die Frauen! Nach langen Jahren als \u00fcberzeugter Single ist Frauenheld Tom zum ersten Mal liiert. Die Beziehung zu Elisa gestaltet sich eigentlich auch gar nicht so \u00fcbel. Bis sein Kumpel Luke ihn aufkl\u00e4rt: Routine killt den Sex. Tom ist alarmiert und beschlie\u00dft, seinen Marktwert zu testen. Wenn nur das kleine, haarige Problem auf vier Beinen nicht w\u00e4re, das ihn auf Schritt und Tritt verfolgt: Elisas neuer Hund. Ein Mops! Doch das viel dickere Problem kommt auf zwei Beinen daher: die hochschwangere Lydia. Denn die behauptet doch glatt, Tom sei der Vater ihres Kindes &#8230;<\/p>\n<p><strong>Auf die Gr\u00f6\u00dfe kommt es an<\/strong>\u00a0\/ rororo 1. M\u00e4rz 2010<\/p>\n<hr \/>\n<p><img loading=\"lazy\" class=\"alignleft size-full wp-image-23\" src=\"http:\/\/miamorgowski.de\/wp-content\/uploads\/2014\/07\/dienaechste.jpg\" alt=\"dienaechste\" width=\"90\" height=\"150\" \/>Dr. Paul Rosen will raus aus seinem Alltag als Hausarzt und Karriere machen. Als Anti-Aging-Doc. Da stimmt das Geld und die Patienten bewundern einen. Nur Nella nicht. Die findet ihren neuen Hausarzt zwar ungeheuer attraktiv, aber auch ganz sch\u00f6n unversch\u00e4mt. Und vor allem total unf\u00e4hig. Denn das von ihm empfohlene Mittel gegen ihre Flugangst entpuppt sich zwei Tage sp\u00e4ter als wirkungslos. Der Trip nach Genf ist die H\u00f6lle. Und der einzige Arzt an Bord \u2013 Dr. Paul Rosen! Doch der Halbgott in Wei\u00df hat ganz andere Sorgen: Sein zuk\u00fcnftiger Chef denkt, er sei verheiratet. Nur wo kriegt Paul so schnell eine Ehefrau her?<\/p>\n<p><strong>Die N\u00e4chste, bitte<\/strong> \/ rororo 2. Mai 2011<\/p>\n<hr \/>\n<p><img loading=\"lazy\" class=\"alignleft size-full wp-image-22\" src=\"http:\/\/miamorgowski.de\/wp-content\/uploads\/2014\/07\/dickehose.jpg\" alt=\"dickehose\" width=\"90\" height=\"150\" \/>Frauen tragen Prada. M\u00e4nner dicke Hose. Um seinem besten Kumpel einen Gefallen zu tun, springt Alex kurzfristig als Verk\u00e4ufer bei Miucci ein. Die Luxusmarke f\u00fcr Handtaschen und Damen-Unterw\u00e4sche ist nat\u00fcrlich so gar nicht seine Welt. Aber verkaufen, denkt er, kann man alles. Doch pl\u00f6tzlich soll Alex pinkfarbene Samtanz\u00fcge tragen und Gucci von Pucci unterscheiden. Dabei wei\u00df er nicht mal, was eine Clutch ist, geschweige denn wie man sie h\u00e4lt! Was tun? Um seine neue Chefin zu beeindrucken, macht Alex erst einmal einen auf dicke Hose. Zu dumm nur, dass Victoria so verdammt attraktiv ist \u2013 und ihn schon bald durchschaut &#8230;<\/p>\n<p><strong>Dicke Hose<\/strong>\u00a0\/ rororo 1. Dezember 2012<\/p>\n<hr \/>\n<p><img loading=\"lazy\" class=\"alignleft size-full wp-image-35\" src=\"http:\/\/miamorgowski.de\/wp-content\/uploads\/2014\/07\/fragedertechnik.jpg\" alt=\"fragedertechnik\" width=\"90\" height=\"150\" \/>Flaute in der Beziehung von Paul und Nella. Paul arbeitet rund um die Uhr und beim Sex schl\u00e4ft er regelm\u00e4\u00dfig ein. Alarmstufe Rot! F\u00fcr Nella steht fest: Ein gemeinsames Hobby muss her. Doch statt sinnlichem Tangokurs oder Partner-T\u00f6pfern hat Paul etwas ganz anderes im Sinn: einen Golfurlaub. F\u00fcr Nella ein Albtraum. Paul scheucht sie bereits fr\u00fchmorgens \u00fcber den Platz, akquiriert Kundinnen und flirtet mit denen auch noch herum. Erst als Nella mit Golf-Profi Dan zu trainieren beginnt, gewinnt sie Gefallen an dem Sport. Und an dem attraktiven Lehrer. Es ist eben alles eine Frage der Technik \u2026<\/p>\n<p><strong>Alles eine Frage der Technik<\/strong>\u00a0\/ rororo 1. Juli 2014<\/p>\n<\/div>\n<div class=\"fcbkbttnpr_share\">\n<div class=\"fcbkbttnpr_like\">\n<div class=\"fb-like\" data-href=\"https:\/\/miamorgowski.de\/?page_id=379\" data-layout=\"button_count\" data-action=\"like\" data-show-faces=\"false\" data-share=\"false\"><\/div>\n<\/div>\n<\/div>\n","protected":false},"excerpt":{"rendered":"<p>Der Neue: Kurz vor seinem 40. Geburtstag wird Tobias von seiner Freundin f\u00fcr einen anderen verlassen. Seine Freunde behaupten: Midlife-Crisis. Nun muss Ablenkung her. Raus aus der Doppelhaush\u00e4lfte, rein in die M\u00e4nner-WG. Toby zieht in die N\u00e4he der Reeperbahn und l\u00e4sst es krachen. Und tats\u00e4chlich entdeckt er den Charme des Single-Daseins. Bis Trixie auftaucht. Und [&hellip;]&nbsp;<a href=\"https:\/\/miamorgowski.de\/?page_id=379\" class=\"post-read-more\">Read more&#8230;<\/a><\/p>\n","protected":false},"author":3,"featured_media":0,"parent":62,"menu_order":0,"comment_status":"closed","ping_status":"closed","template":"","meta":[],"_links":{"self":[{"href":"https:\/\/miamorgowski.de\/index.php?rest_route=\/wp\/v2\/pages\/379"}],"collection":[{"href":"https:\/\/miamorgowski.de\/index.php?rest_route=\/wp\/v2\/pages"}],"about":[{"href":"https:\/\/miamorgowski.de\/index.php?rest_route=\/wp\/v2\/types\/page"}],"author":[{"embeddable":true,"href":"https:\/\/miamorgowski.de\/index.php?rest_route=\/wp\/v2\/users\/3"}],"replies":[{"embeddable":true,"href":"https:\/\/miamorgowski.de\/index.php?rest_route=%2Fwp%2Fv2%2Fcomments&post=379"}],"version-history":[{"count":0,"href":"https:\/\/miamorgowski.de\/index.php?rest_route=\/wp\/v2\/pages\/379\/revisions"}],"up":[{"embeddable":true,"href":"https:\/\/miamorgowski.de\/index.php?rest_route=\/wp\/v2\/pages\/62"}],"wp:attachment":[{"href":"https:\/\/miamorgowski.de\/index.php?rest_route=%2Fwp%2Fv2%2Fmedia&parent=379"}],"curies":[{"name":"wp","href":"https:\/\/api.w.org\/{rel}","templated":true}]}}